{"id":32,"date":"2017-07-09T19:59:35","date_gmt":"2017-07-09T19:59:35","guid":{"rendered":"http:\/\/tom-und-lottchen.de\/?page_id=32"},"modified":"2018-07-09T11:42:07","modified_gmt":"2018-07-09T11:42:07","slug":"datenschutzbelehrung","status":"publish","type":"page","link":"https:\/\/tom-und-lottchen.de\/?page_id=32","title":{"rendered":"Datenschutzbelehrung"},"content":{"rendered":"<h3>Datenschutz<\/h3>\n<p><strong>Datenschutzerkl\u00e4rung<\/strong><br \/>\nWir freuen uns \u00fcber Ihr Interesse an unserem Shop auf dem Amazon Marketplace. Der Schutz Ihrer Privatsph\u00e4re ist f\u00fcr uns sehr wichtig. Nachstehend informieren wir Sie ausf\u00fchrlich \u00fcber den Umgang mit Ihren Daten.<\/p>\n<p><strong>Datenerhebung und -verwendung zur Vertragsabwicklung<\/strong><br \/>\nWir erheben personenbezogene Daten, wenn Sie uns diese im Rahmen Ihrer Bestellung oder bei einer Kontaktaufnahme mit uns (z.B. per Kontaktformular oder E-Mail) freiwillig mitteilen. Welche Daten erhoben werden, ist aus den jeweiligen Eingabeformularen ersichtlich. Wir verwenden die von Ihnen mitgeteilten Daten zur Vertragsabwicklung und Bearbeitung Ihrer Anfragen. Nach vollst\u00e4ndiger Abwicklung des Vertrages werden Ihre Daten f\u00fcr die weitere Verwendung gesperrt und nach Ablauf der steuer- und handelsrechtlichen Aufbewahrungsfristen gel\u00f6scht, sofern Sie nicht ausdr\u00fccklich in eine weitere Nutzung Ihrer Daten eingewilligt haben oder wir uns eine dar\u00fcber hinausgehende Datenverwendung vorbehalten, die gesetzlich erlaubt ist und \u00fcber die wir Sie nachstehend informieren.<\/p>\n<p><strong>Datenweitergabe zur Vertragserf\u00fcllung<\/strong><br \/>\nZur Vertragserf\u00fcllung geben wir Ihre Daten an das mit der Lieferung beauftragte Versandunternehmen weiter, soweit dies zur Lieferung bestellter Waren erforderlich ist. Je nach dem, welchen Zahlungsdienstleister Sie im Bestellprozess ausw\u00e4hlen, geben wir zur Abwicklung von Zahlungen die hierf\u00fcr erhobenen Zahlungsdaten an das mit der Zahlung beauftragte Kreditinstitut und ggf. von uns beauftragte Zahlungsdienstleister weiter bzw. an den ausgew\u00e4hlten Zahlungsdienst. Zum Teil erheben die ausgew\u00e4hlten Zahlungsdienstleister diese Daten auch selbst, soweit Sie dort ein Konto anlegen. In diesem Fall m\u00fcssen Sie sich im Bestellprozess mit Ihren Zugangsdaten bei dem Zahlungsdienstleister anmelden. Es gilt insoweit die Datenschutzerkl\u00e4rung des jeweiligen Zahlungsdienstleisters.<\/p>\n<p><strong>Auskunftsrecht und Kontaktm\u00f6glichkeit\u00a0<\/strong><br \/>\nSie haben ein Recht auf unentgeltliche Auskunft \u00fcber die bei uns zu Ihrer Person gespeicherten Daten sowie ggf. ein Recht auf Berichtigung, Sperrung oder L\u00f6schung dieser Daten. Bei Fragen zur Erhebung, Verarbeitung oder Nutzung Ihrer personenbezogenen Daten, bei Ausk\u00fcnften, Berichtigung, Sperrung oder L\u00f6schung von Daten sowie Widerruf erteilter Einwilligungen oder Widerspruch gegen eine bestimmte Datenverwendung wenden Sie sich bitte direkt an uns \u00fcber die Kontaktdaten in unserem Impressum.<\/p>\n<p><strong>Geltung der Amazon-Datenschutzerkl\u00e4rung<\/strong><br \/>\nIm \u00dcbrigen gilt die Datenschutzerkl\u00e4rung von Amazon. Sie k\u00f6nnen sich \u00fcber den Umgang mit Ihren Daten bei Amazon hier informieren: http:\/\/www.amazon.de\/gp\/help\/customer\/display.html\/ref=footer_privacy?ie=UTF8&amp;nodeId=3312401.<\/p>\n<p>&nbsp;<\/p>\n<p>Diese Website benutzt Google Analytics, einen Webanalysedienst der Google Inc. (\u201eGoogle\u201c). Google Analytics verwendet sog. \u201eCookies\u201c, Textdateien, die auf Ihrem Computer gespeichert werden und die eine Analyse der Benutzung der Website durch Sie erm\u00f6glichen. Die durch das Cookie erzeugten Informationen \u00fcber Ihre Benutzung dieser Website werden in der Regel an einen Server von Google in den USA \u00fcbertragen und dort gespeichert. Im Falle der Aktivierung der IP-Anonymisierung auf dieser Website, wird Ihre IP-Adresse von Google jedoch innerhalb von Mitgliedstaaten der Europ\u00e4ischen Union oder in anderen Vertragsstaaten des Abkommens \u00fcber den Europ\u00e4ischen Wirtschaftsraum zuvor gek\u00fcrzt. Nur in Ausnahmef\u00e4llen wird die volle IP-Adresse an einen Server von Google in den USA \u00fcbertragen und dort gek\u00fcrzt. Im Auftrag des Betreibers dieser Website wird Google diese Informationen benutzen, um Ihre Nutzung der Website auszuwerten, um Reports \u00fcber die Websiteaktivit\u00e4ten zusammenzustellen und um weitere mit der Websitenutzung und der Internetnutzung verbundene Dienstleistungen gegen\u00fcber dem Websitebetreiber zu erbringen. Die im Rahmen von Google Analytics von Ihrem Browser \u00fcbermittelte IP-Adresse wird nicht mit anderen Daten von Google zusammengef\u00fchrt. Sie k\u00f6nnen die Speicherung der Cookies durch eine entsprechende Einstellung Ihrer Browser-Software verhindern; wir weisen Sie jedoch darauf hin, dass Sie in diesem Fall gegebenenfalls nicht s\u00e4mtliche Funktionen dieser Website vollumf\u00e4nglich werden nutzen k\u00f6nnen. Sie k\u00f6nnen dar\u00fcber hinaus die Erfassung der durch das Cookie erzeugten und auf Ihre Nutzung der Website bezogenen Daten (inkl. Ihrer IP-Adresse) an Google sowie die Verarbeitung dieser Daten durch Google verhindern, indem Sie das unter dem folgenden Link (http:\/\/tools.google.com\/dlpage\/gaoptout?hl=de) verf\u00fcgbare Browser-Plugin herunterladen und installieren. Sie k\u00f6nnen die Erfassung durch Google Analytics verhindern, indem Sie auf folgenden Link klicken. Es wird ein Opt-Out-Cookie gesetzt, das die zuk\u00fcnftige Erfassung Ihrer Daten beim Besuch dieser Website verhindert: Google Analytics deaktivieren<br \/>\nN\u00e4here Informationen zu Nutzungsbedingungen und Datenschutz finden Sie unter http:\/\/www.google.com\/analytics\/terms\/de.html bzw. unter https:\/\/www.google.de\/intl\/de\/policies\/ Wir weisen Sie darauf hin, dass auf dieser Website Google Analytics um den Code \u201eanonymizeIp\u201c erweitert wurde, um eine anonymisierte Erfassung von IP-Adressen (sog. IP-Masking) zu gew\u00e4hrleisten.<\/p>\n","protected":false},"excerpt":{"rendered":"<p>Datenschutz Datenschutzerkl\u00e4rung Wir freuen uns \u00fcber Ihr Interesse an unserem Shop auf dem Amazon Marketplace. Der Schutz Ihrer Privatsph\u00e4re ist f\u00fcr uns sehr wichtig. Nachstehend informieren wir Sie ausf\u00fchrlich \u00fcber den Umgang mit Ihren Daten. Datenerhebung und -verwendung zur Vertragsabwicklung Wir erheben personenbezogene Daten, wenn Sie uns diese im Rahmen Ihrer Bestellung oder bei einer &hellip; <a href=\"https:\/\/tom-und-lottchen.de\/?page_id=32\" class=\"more-link\"><span class=\"screen-reader-text\">\u201eDatenschutzbelehrung\u201c<\/span> weiterlesen<\/a><\/p>\n","protected":false},"author":1,"featured_media":0,"parent":0,"menu_order":0,"comment_status":"closed","ping_status":"closed","template":"","meta":[],"yoast_head":"<!-- This site is optimized with the Yoast SEO plugin v20.8 - https:\/\/yoast.com\/wordpress\/plugins\/seo\/ -->\n<title>Datenschutzbelehrung - Tom&amp;Lottchen<\/title>\n<meta name=\"robots\" content=\"index, follow, max-snippet:-1, max-image-preview:large, max-video-preview:-1\" \/>\n<link rel=\"canonical\" href=\"https:\/\/tom-und-lottchen.de\/?page_id=32\" \/>\n<meta property=\"og:locale\" content=\"de_DE\" \/>\n<meta property=\"og:type\" content=\"article\" \/>\n<meta property=\"og:title\" content=\"Datenschutzbelehrung - Tom&amp;Lottchen\" \/>\n<meta property=\"og:description\" content=\"Datenschutz Datenschutzerkl\u00e4rung Wir freuen uns \u00fcber Ihr Interesse an unserem Shop auf dem Amazon Marketplace. Der Schutz Ihrer Privatsph\u00e4re ist f\u00fcr uns sehr wichtig. Nachstehend informieren wir Sie ausf\u00fchrlich \u00fcber den Umgang mit Ihren Daten. Datenerhebung und -verwendung zur Vertragsabwicklung Wir erheben personenbezogene Daten, wenn Sie uns diese im Rahmen Ihrer Bestellung oder bei einer &hellip; \u201eDatenschutzbelehrung\u201c weiterlesen\" \/>\n<meta property=\"og:url\" content=\"https:\/\/tom-und-lottchen.de\/?page_id=32\" \/>\n<meta property=\"og:site_name\" content=\"Tom&amp;Lottchen\" \/>\n<meta property=\"article:modified_time\" content=\"2018-07-09T11:42:07+00:00\" \/>\n<meta name=\"twitter:card\" content=\"summary_large_image\" \/>\n<meta name=\"twitter:label1\" content=\"Gesch\u00e4tzte Lesezeit\" \/>\n\t<meta name=\"twitter:data1\" content=\"4 Minuten\" \/>\n<script type=\"application\/ld+json\" class=\"yoast-schema-graph\">{\"@context\":\"https:\/\/schema.org\",\"@graph\":[{\"@type\":\"WebPage\",\"@id\":\"https:\/\/tom-und-lottchen.de\/?page_id=32\",\"url\":\"https:\/\/tom-und-lottchen.de\/?page_id=32\",\"name\":\"Datenschutzbelehrung - Tom&Lottchen\",\"isPartOf\":{\"@id\":\"https:\/\/tom-und-lottchen.de\/#website\"},\"datePublished\":\"2017-07-09T19:59:35+00:00\",\"dateModified\":\"2018-07-09T11:42:07+00:00\",\"breadcrumb\":{\"@id\":\"https:\/\/tom-und-lottchen.de\/?page_id=32#breadcrumb\"},\"inLanguage\":\"de-DE\",\"potentialAction\":[{\"@type\":\"ReadAction\",\"target\":[\"https:\/\/tom-und-lottchen.de\/?page_id=32\"]}]},{\"@type\":\"BreadcrumbList\",\"@id\":\"https:\/\/tom-und-lottchen.de\/?page_id=32#breadcrumb\",\"itemListElement\":[{\"@type\":\"ListItem\",\"position\":1,\"name\":\"Startseite\",\"item\":\"https:\/\/tom-und-lottchen.de\/\"},{\"@type\":\"ListItem\",\"position\":2,\"name\":\"Datenschutzbelehrung\"}]},{\"@type\":\"WebSite\",\"@id\":\"https:\/\/tom-und-lottchen.de\/#website\",\"url\":\"https:\/\/tom-und-lottchen.de\/\",\"name\":\"Tom&Lottchen\",\"description\":\"Babybekleidungs Shop\",\"potentialAction\":[{\"@type\":\"SearchAction\",\"target\":{\"@type\":\"EntryPoint\",\"urlTemplate\":\"https:\/\/tom-und-lottchen.de\/?s={search_term_string}\"},\"query-input\":\"required name=search_term_string\"}],\"inLanguage\":\"de-DE\"}]}<\/script>\n<!-- \/ Yoast SEO plugin. -->","yoast_head_json":{"title":"Datenschutzbelehrung - Tom&Lottchen","robots":{"index":"index","follow":"follow","max-snippet":"max-snippet:-1","max-image-preview":"max-image-preview:large","max-video-preview":"max-video-preview:-1"},"canonical":"https:\/\/tom-und-lottchen.de\/?page_id=32","og_locale":"de_DE","og_type":"article","og_title":"Datenschutzbelehrung - Tom&Lottchen","og_description":"Datenschutz Datenschutzerkl\u00e4rung Wir freuen uns \u00fcber Ihr Interesse an unserem Shop auf dem Amazon Marketplace. Der Schutz Ihrer Privatsph\u00e4re ist f\u00fcr uns sehr wichtig. Nachstehend informieren wir Sie ausf\u00fchrlich \u00fcber den Umgang mit Ihren Daten. Datenerhebung und -verwendung zur Vertragsabwicklung Wir erheben personenbezogene Daten, wenn Sie uns diese im Rahmen Ihrer Bestellung oder bei einer &hellip; \u201eDatenschutzbelehrung\u201c weiterlesen","og_url":"https:\/\/tom-und-lottchen.de\/?page_id=32","og_site_name":"Tom&Lottchen","article_modified_time":"2018-07-09T11:42:07+00:00","twitter_card":"summary_large_image","twitter_misc":{"Gesch\u00e4tzte Lesezeit":"4 Minuten"},"schema":{"@context":"https:\/\/schema.org","@graph":[{"@type":"WebPage","@id":"https:\/\/tom-und-lottchen.de\/?page_id=32","url":"https:\/\/tom-und-lottchen.de\/?page_id=32","name":"Datenschutzbelehrung - Tom&Lottchen","isPartOf":{"@id":"https:\/\/tom-und-lottchen.de\/#website"},"datePublished":"2017-07-09T19:59:35+00:00","dateModified":"2018-07-09T11:42:07+00:00","breadcrumb":{"@id":"https:\/\/tom-und-lottchen.de\/?page_id=32#breadcrumb"},"inLanguage":"de-DE","potentialAction":[{"@type":"ReadAction","target":["https:\/\/tom-und-lottchen.de\/?page_id=32"]}]},{"@type":"BreadcrumbList","@id":"https:\/\/tom-und-lottchen.de\/?page_id=32#breadcrumb","itemListElement":[{"@type":"ListItem","position":1,"name":"Startseite","item":"https:\/\/tom-und-lottchen.de\/"},{"@type":"ListItem","position":2,"name":"Datenschutzbelehrung"}]},{"@type":"WebSite","@id":"https:\/\/tom-und-lottchen.de\/#website","url":"https:\/\/tom-und-lottchen.de\/","name":"Tom&Lottchen","description":"Babybekleidungs Shop","potentialAction":[{"@type":"SearchAction","target":{"@type":"EntryPoint","urlTemplate":"https:\/\/tom-und-lottchen.de\/?s={search_term_string}"},"query-input":"required name=search_term_string"}],"inLanguage":"de-DE"}]}},"_links":{"self":[{"href":"https:\/\/tom-und-lottchen.de\/index.php?rest_route=\/wp\/v2\/pages\/32"}],"collection":[{"href":"https:\/\/tom-und-lottchen.de\/index.php?rest_route=\/wp\/v2\/pages"}],"about":[{"href":"https:\/\/tom-und-lottchen.de\/index.php?rest_route=\/wp\/v2\/types\/page"}],"author":[{"embeddable":true,"href":"https:\/\/tom-und-lottchen.de\/index.php?rest_route=\/wp\/v2\/users\/1"}],"replies":[{"embeddable":true,"href":"https:\/\/tom-und-lottchen.de\/index.php?rest_route=%2Fwp%2Fv2%2Fcomments&post=32"}],"version-history":[{"count":3,"href":"https:\/\/tom-und-lottchen.de\/index.php?rest_route=\/wp\/v2\/pages\/32\/revisions"}],"predecessor-version":[{"id":85,"href":"https:\/\/tom-und-lottchen.de\/index.php?rest_route=\/wp\/v2\/pages\/32\/revisions\/85"}],"wp:attachment":[{"href":"https:\/\/tom-und-lottchen.de\/index.php?rest_route=%2Fwp%2Fv2%2Fmedia&parent=32"}],"curies":[{"name":"wp","href":"https:\/\/api.w.org\/{rel}","templated":true}]}}