{"id":33,"date":"2017-07-09T19:59:35","date_gmt":"2017-07-09T19:59:35","guid":{"rendered":"http:\/\/tom-und-lottchen.de\/?page_id=33"},"modified":"2019-04-24T19:17:20","modified_gmt":"2019-04-24T19:17:20","slug":"impressum","status":"publish","type":"page","link":"https:\/\/tom-und-lottchen.de\/?page_id=33","title":{"rendered":"Impressum"},"content":{"rendered":"<h3>Impressum<\/h3>\n<p>Tom &amp; Lottchen<\/p>\n<p>Inhaber: Martin Michelberger<\/p>\n<p>Westring _20 d<br \/>\n75180 Pforzheim<br \/>\ndeutschland<\/p>\n<p>Telefon: 01762239977<\/p>\n<p>E-Mail: renamichel13@gmail.com<\/p>\n<p>Kleinunternehmer gem\u00e4\u00df \u00a7 19 UStG<\/p>\n<p>Online-Streitbeilegung gem\u00e4\u00df Art. 14 Abs. 1 ODR-VO: Die Europ\u00e4ische Kommission stellt eine Plattform zur Online-Streitbeilegung (OS) bereit, die Sie unter http:\/\/ec.europa.eu\/consumers\/odr\/\u00a0finden.<\/p>\n","protected":false},"excerpt":{"rendered":"<p>Impressum Tom &amp; Lottchen Inhaber: Martin Michelberger Westring _20 d 75180 Pforzheim deutschland Telefon: 01762239977 E-Mail: renamichel13@gmail.com Kleinunternehmer gem\u00e4\u00df \u00a7 19 UStG Online-Streitbeilegung gem\u00e4\u00df Art. 14 Abs. 1 ODR-VO: Die Europ\u00e4ische Kommission stellt eine Plattform zur Online-Streitbeilegung (OS) bereit, die Sie unter http:\/\/ec.europa.eu\/consumers\/odr\/\u00a0finden.<\/p>\n","protected":false},"author":1,"featured_media":0,"parent":0,"menu_order":0,"comment_status":"closed","ping_status":"closed","template":"","meta":[],"yoast_head":"<!-- This site is optimized with the Yoast SEO plugin v20.8 - https:\/\/yoast.com\/wordpress\/plugins\/seo\/ -->\n<title>Impressum - Tom&amp;Lottchen<\/title>\n<meta name=\"robots\" content=\"noindex, nofollow\" \/>\n<meta property=\"og:locale\" content=\"de_DE\" \/>\n<meta property=\"og:type\" content=\"article\" \/>\n<meta property=\"og:title\" content=\"Impressum - Tom&amp;Lottchen\" \/>\n<meta property=\"og:description\" content=\"Impressum Tom &amp; Lottchen Inhaber: Martin Michelberger Westring _20 d 75180 Pforzheim deutschland Telefon: 01762239977 E-Mail: renamichel13@gmail.com Kleinunternehmer gem\u00e4\u00df \u00a7 19 UStG Online-Streitbeilegung gem\u00e4\u00df Art. 14 Abs. 1 ODR-VO: Die Europ\u00e4ische Kommission stellt eine Plattform zur Online-Streitbeilegung (OS) bereit, die Sie unter http:\/\/ec.europa.eu\/consumers\/odr\/\u00a0finden.\" \/>\n<meta property=\"og:url\" content=\"https:\/\/tom-und-lottchen.de\/?page_id=33\" \/>\n<meta property=\"og:site_name\" content=\"Tom&amp;Lottchen\" \/>\n<meta property=\"article:modified_time\" content=\"2019-04-24T19:17:20+00:00\" \/>\n<meta name=\"twitter:card\" content=\"summary_large_image\" \/>\n<script type=\"application\/ld+json\" class=\"yoast-schema-graph\">{\"@context\":\"https:\/\/schema.org\",\"@graph\":[{\"@type\":\"WebPage\",\"@id\":\"https:\/\/tom-und-lottchen.de\/?page_id=33\",\"url\":\"https:\/\/tom-und-lottchen.de\/?page_id=33\",\"name\":\"Impressum - Tom&Lottchen\",\"isPartOf\":{\"@id\":\"https:\/\/tom-und-lottchen.de\/#website\"},\"datePublished\":\"2017-07-09T19:59:35+00:00\",\"dateModified\":\"2019-04-24T19:17:20+00:00\",\"breadcrumb\":{\"@id\":\"https:\/\/tom-und-lottchen.de\/?page_id=33#breadcrumb\"},\"inLanguage\":\"de-DE\",\"potentialAction\":[{\"@type\":\"ReadAction\",\"target\":[\"https:\/\/tom-und-lottchen.de\/?page_id=33\"]}]},{\"@type\":\"BreadcrumbList\",\"@id\":\"https:\/\/tom-und-lottchen.de\/?page_id=33#breadcrumb\",\"itemListElement\":[{\"@type\":\"ListItem\",\"position\":1,\"name\":\"Startseite\",\"item\":\"https:\/\/tom-und-lottchen.de\/\"},{\"@type\":\"ListItem\",\"position\":2,\"name\":\"Impressum\"}]},{\"@type\":\"WebSite\",\"@id\":\"https:\/\/tom-und-lottchen.de\/#website\",\"url\":\"https:\/\/tom-und-lottchen.de\/\",\"name\":\"Tom&Lottchen\",\"description\":\"Babybekleidungs Shop\",\"potentialAction\":[{\"@type\":\"SearchAction\",\"target\":{\"@type\":\"EntryPoint\",\"urlTemplate\":\"https:\/\/tom-und-lottchen.de\/?s={search_term_string}\"},\"query-input\":\"required name=search_term_string\"}],\"inLanguage\":\"de-DE\"}]}<\/script>\n<!-- \/ Yoast SEO plugin. -->","yoast_head_json":{"title":"Impressum - Tom&Lottchen","robots":{"index":"noindex","follow":"nofollow"},"og_locale":"de_DE","og_type":"article","og_title":"Impressum - Tom&Lottchen","og_description":"Impressum Tom &amp; Lottchen Inhaber: Martin Michelberger Westring _20 d 75180 Pforzheim deutschland Telefon: 01762239977 E-Mail: renamichel13@gmail.com Kleinunternehmer gem\u00e4\u00df \u00a7 19 UStG Online-Streitbeilegung gem\u00e4\u00df Art. 14 Abs. 1 ODR-VO: Die Europ\u00e4ische Kommission stellt eine Plattform zur Online-Streitbeilegung (OS) bereit, die Sie unter http:\/\/ec.europa.eu\/consumers\/odr\/\u00a0finden.","og_url":"https:\/\/tom-und-lottchen.de\/?page_id=33","og_site_name":"Tom&Lottchen","article_modified_time":"2019-04-24T19:17:20+00:00","twitter_card":"summary_large_image","schema":{"@context":"https:\/\/schema.org","@graph":[{"@type":"WebPage","@id":"https:\/\/tom-und-lottchen.de\/?page_id=33","url":"https:\/\/tom-und-lottchen.de\/?page_id=33","name":"Impressum - Tom&Lottchen","isPartOf":{"@id":"https:\/\/tom-und-lottchen.de\/#website"},"datePublished":"2017-07-09T19:59:35+00:00","dateModified":"2019-04-24T19:17:20+00:00","breadcrumb":{"@id":"https:\/\/tom-und-lottchen.de\/?page_id=33#breadcrumb"},"inLanguage":"de-DE","potentialAction":[{"@type":"ReadAction","target":["https:\/\/tom-und-lottchen.de\/?page_id=33"]}]},{"@type":"BreadcrumbList","@id":"https:\/\/tom-und-lottchen.de\/?page_id=33#breadcrumb","itemListElement":[{"@type":"ListItem","position":1,"name":"Startseite","item":"https:\/\/tom-und-lottchen.de\/"},{"@type":"ListItem","position":2,"name":"Impressum"}]},{"@type":"WebSite","@id":"https:\/\/tom-und-lottchen.de\/#website","url":"https:\/\/tom-und-lottchen.de\/","name":"Tom&Lottchen","description":"Babybekleidungs Shop","potentialAction":[{"@type":"SearchAction","target":{"@type":"EntryPoint","urlTemplate":"https:\/\/tom-und-lottchen.de\/?s={search_term_string}"},"query-input":"required name=search_term_string"}],"inLanguage":"de-DE"}]}},"_links":{"self":[{"href":"https:\/\/tom-und-lottchen.de\/index.php?rest_route=\/wp\/v2\/pages\/33"}],"collection":[{"href":"https:\/\/tom-und-lottchen.de\/index.php?rest_route=\/wp\/v2\/pages"}],"about":[{"href":"https:\/\/tom-und-lottchen.de\/index.php?rest_route=\/wp\/v2\/types\/page"}],"author":[{"embeddable":true,"href":"https:\/\/tom-und-lottchen.de\/index.php?rest_route=\/wp\/v2\/users\/1"}],"replies":[{"embeddable":true,"href":"https:\/\/tom-und-lottchen.de\/index.php?rest_route=%2Fwp%2Fv2%2Fcomments&post=33"}],"version-history":[{"count":2,"href":"https:\/\/tom-und-lottchen.de\/index.php?rest_route=\/wp\/v2\/pages\/33\/revisions"}],"predecessor-version":[{"id":107,"href":"https:\/\/tom-und-lottchen.de\/index.php?rest_route=\/wp\/v2\/pages\/33\/revisions\/107"}],"wp:attachment":[{"href":"https:\/\/tom-und-lottchen.de\/index.php?rest_route=%2Fwp%2Fv2%2Fmedia&parent=33"}],"curies":[{"name":"wp","href":"https:\/\/api.w.org\/{rel}","templated":true}]}}