{"id":34,"date":"2017-07-09T19:59:35","date_gmt":"2017-07-09T19:59:35","guid":{"rendered":"http:\/\/tom-und-lottchen.de\/?page_id=34"},"modified":"2018-07-09T11:41:54","modified_gmt":"2018-07-09T11:41:54","slug":"agb","status":"publish","type":"page","link":"https:\/\/tom-und-lottchen.de\/?page_id=34","title":{"rendered":"AGB"},"content":{"rendered":"<h3>Allgemeine Gesch\u00e4ftsbedingungen<\/h3>\n<p><strong>1. Geltungsbereich<\/strong><\/p>\n<p>F\u00fcr alle Bestellungen \u00fcber unseren Shop auf dem Amazon Marketplace gelten die nachfolgenden AGB.<\/p>\n<p><strong>2. Vertragspartner, Vertragsschluss<\/strong><\/p>\n<p>Der Kaufvertrag kommt zustande mit Tom und Lottchen.<\/p>\n<p>Mit Einstellung der Produkte in den Online-Shop geben wir ein verbindliches Angebot zum Vertragsschluss \u00fcber diese Artikel ab.<\/p>\n<p>Sie haben die M\u00f6glichkeit, den Bestellprozess \u00fcber das Warenkorbsystem oder die 1-Click-Funktion abzuschlie\u00dfen. Wenn Sie \u00fcber den Warenkorb bestellen, haben Sie jederzeit die M\u00f6glichkeit, Ihre Eingaben zu \u00e4ndern, zu l\u00f6schen oder die Bestellung abzubrechen.<\/p>\n<p>Bei einer Bestellung \u00fcber die 1-Click-Funktion geben Sie Ihre Bestellung ohne Umweg \u00fcber den Warenkorb auf. Durch Bet\u00e4tigen des Buttons \u201eJetzt mit 1-Click kaufen&#8221;&#8221; wird automatisch eine Bestellung erstellt, die an die von Ihnen hinterlegte Lieferadresse versandt wird und f\u00fcr die eine Zahlung mit der angegebenen Zahlungsart erfolgt. Ihre 1-Click-Einstellungen k\u00f6nnen Sie unter https:\/\/www.amazon.de\/gp\/css\/account\/address\/view.html pr\u00fcfen und \u00e4ndern. Zudem haben Sie die M\u00f6glichkeit, Ihre 1-Click-Bestellungen innerhalb von 30 Minuten zu \u00e4ndern oder zu stornieren.<\/p>\n<p>Die f\u00fcr den Vertragsschluss zur Verf\u00fcgung stehende Sprache ist Deutsch.<\/p>\n<p>Wir speichern den Vertragstext auf unseren Systemen, die jedoch f\u00fcr Sie nicht zug\u00e4nglich sind. \u00dcber Ihren Amazon-Account haben Sie jedoch die M\u00f6glichkeit, Ihre letzten Bestellungen unter https:\/\/www.amazon.de\/gp\/css\/order-history\/ einzusehen.<\/p>\n<p><strong>3. Bezahlung<\/strong><br \/>\nIn unserem Shop stehen Ihnen die folgenden Zahlungsarten zur Verf\u00fcgung:<\/p>\n<p><strong>Kreditkarte<\/strong><br \/>\nDie Belastung Ihrer Kreditkarte erfolgt mit Abschluss der Bestellung.<\/p>\n<p><strong>Bankeinzug<\/strong><br \/>\nDie Abbuchung des Kaufpreises von Ihrem Konto erfolgt mit Abschluss der Bestellung.<\/p>\n<p><strong>4. Gew\u00e4hrleistung und Garantien<\/strong><\/p>\n<p>Es gilt das gesetzliche M\u00e4ngelhaftungsrecht. Informationen zu gegebenenfalls geltenden zus\u00e4tzlichen Garantien und deren genaue Bedingungen finden Sie jeweils beim Produkt und auf besonderen Informationsseiten im Shop.<\/p>\n<div><strong>5. Haftung<\/strong><br \/>\nF\u00fcr Anspr\u00fcche aufgrund von Sch\u00e4den, die durch uns, unsere gesetzlichen Vertreter oder Erf\u00fcllungsgehilfen verursacht wurden, haften wir stets unbeschr\u00e4nkt<\/p>\n<ul>\n<li>bei Verletzung des Lebens, des K\u00f6rpers oder der Gesundheit<\/li>\n<li>bei vors\u00e4tzlicher oder grob fahrl\u00e4ssiger Pflichtverletzung<\/li>\n<li>bei Garantieversprechen, soweit vereinbart<\/li>\n<li>soweit der Anwendungsbereich des Produkthaftungsgesetzes er\u00f6ffnet ist.<\/li>\n<\/ul>\n<p>Bei Verletzung wesentlicher Vertragspflichten, deren Erf\u00fcllung die ordnungsgem\u00e4\u00dfe Durchf\u00fchrung des Vertrages \u00fcberhaupt erst erm\u00f6glicht und auf deren Einhaltung der Vertragspartner regelm\u00e4\u00dfig vertrauen darf (Kardinalpflichten) durch leichte Fahrl\u00e4ssigkeit von uns, unseren gesetzlichen Vertretern oder Erf\u00fcllungsgehilfen ist die Haftung der H\u00f6he nach auf den bei Vertragsschluss vorhersehbaren Schaden begrenzt, mit dessen Entstehung typischerweise gerechnet werden muss.<\/p>\n<p>Im \u00dcbrigen sind Anspr\u00fcche auf Schadensersatz ausgeschlossen.<\/p>\n<\/div>\n<p><strong>6. Online-Streitbeilegung<\/strong><br \/>\nOnline-Streitbeilegung gem\u00e4\u00df Art. 14 Abs. 1 ODR-VO: Die Europ\u00e4ische Kommission stellt eine Plattform zur Online-Streitbeilegung (OS) bereit, die Sie unter http:\/\/ec.europa.eu\/consumers\/odr\/ finden.<\/p>\n","protected":false},"excerpt":{"rendered":"<p>Allgemeine Gesch\u00e4ftsbedingungen 1. Geltungsbereich F\u00fcr alle Bestellungen \u00fcber unseren Shop auf dem Amazon Marketplace gelten die nachfolgenden AGB. 2. Vertragspartner, Vertragsschluss Der Kaufvertrag kommt zustande mit Tom und Lottchen. Mit Einstellung der Produkte in den Online-Shop geben wir ein verbindliches Angebot zum Vertragsschluss \u00fcber diese Artikel ab. Sie haben die M\u00f6glichkeit, den Bestellprozess \u00fcber das &hellip; <a href=\"https:\/\/tom-und-lottchen.de\/?page_id=34\" class=\"more-link\"><span class=\"screen-reader-text\">\u201eAGB\u201c<\/span> weiterlesen<\/a><\/p>\n","protected":false},"author":1,"featured_media":0,"parent":0,"menu_order":0,"comment_status":"closed","ping_status":"closed","template":"","meta":[],"yoast_head":"<!-- This site is optimized with the Yoast SEO plugin v20.8 - https:\/\/yoast.com\/wordpress\/plugins\/seo\/ -->\n<title>AGB - Tom&amp;Lottchen<\/title>\n<meta name=\"robots\" content=\"index, follow, max-snippet:-1, max-image-preview:large, max-video-preview:-1\" \/>\n<link rel=\"canonical\" href=\"https:\/\/tom-und-lottchen.de\/?page_id=34\" \/>\n<meta property=\"og:locale\" content=\"de_DE\" \/>\n<meta property=\"og:type\" content=\"article\" \/>\n<meta property=\"og:title\" content=\"AGB - Tom&amp;Lottchen\" \/>\n<meta property=\"og:description\" content=\"Allgemeine Gesch\u00e4ftsbedingungen 1. Geltungsbereich F\u00fcr alle Bestellungen \u00fcber unseren Shop auf dem Amazon Marketplace gelten die nachfolgenden AGB. 2. Vertragspartner, Vertragsschluss Der Kaufvertrag kommt zustande mit Tom und Lottchen. Mit Einstellung der Produkte in den Online-Shop geben wir ein verbindliches Angebot zum Vertragsschluss \u00fcber diese Artikel ab. Sie haben die M\u00f6glichkeit, den Bestellprozess \u00fcber das &hellip; \u201eAGB\u201c weiterlesen\" \/>\n<meta property=\"og:url\" content=\"https:\/\/tom-und-lottchen.de\/?page_id=34\" \/>\n<meta property=\"og:site_name\" content=\"Tom&amp;Lottchen\" \/>\n<meta property=\"article:modified_time\" content=\"2018-07-09T11:41:54+00:00\" \/>\n<meta name=\"twitter:card\" content=\"summary_large_image\" \/>\n<meta name=\"twitter:label1\" content=\"Gesch\u00e4tzte Lesezeit\" \/>\n\t<meta name=\"twitter:data1\" content=\"2 Minuten\" \/>\n<script type=\"application\/ld+json\" class=\"yoast-schema-graph\">{\"@context\":\"https:\/\/schema.org\",\"@graph\":[{\"@type\":\"WebPage\",\"@id\":\"https:\/\/tom-und-lottchen.de\/?page_id=34\",\"url\":\"https:\/\/tom-und-lottchen.de\/?page_id=34\",\"name\":\"AGB - Tom&Lottchen\",\"isPartOf\":{\"@id\":\"https:\/\/tom-und-lottchen.de\/#website\"},\"datePublished\":\"2017-07-09T19:59:35+00:00\",\"dateModified\":\"2018-07-09T11:41:54+00:00\",\"breadcrumb\":{\"@id\":\"https:\/\/tom-und-lottchen.de\/?page_id=34#breadcrumb\"},\"inLanguage\":\"de-DE\",\"potentialAction\":[{\"@type\":\"ReadAction\",\"target\":[\"https:\/\/tom-und-lottchen.de\/?page_id=34\"]}]},{\"@type\":\"BreadcrumbList\",\"@id\":\"https:\/\/tom-und-lottchen.de\/?page_id=34#breadcrumb\",\"itemListElement\":[{\"@type\":\"ListItem\",\"position\":1,\"name\":\"Startseite\",\"item\":\"https:\/\/tom-und-lottchen.de\/\"},{\"@type\":\"ListItem\",\"position\":2,\"name\":\"AGB\"}]},{\"@type\":\"WebSite\",\"@id\":\"https:\/\/tom-und-lottchen.de\/#website\",\"url\":\"https:\/\/tom-und-lottchen.de\/\",\"name\":\"Tom&Lottchen\",\"description\":\"Babybekleidungs Shop\",\"potentialAction\":[{\"@type\":\"SearchAction\",\"target\":{\"@type\":\"EntryPoint\",\"urlTemplate\":\"https:\/\/tom-und-lottchen.de\/?s={search_term_string}\"},\"query-input\":\"required name=search_term_string\"}],\"inLanguage\":\"de-DE\"}]}<\/script>\n<!-- \/ Yoast SEO plugin. -->","yoast_head_json":{"title":"AGB - Tom&Lottchen","robots":{"index":"index","follow":"follow","max-snippet":"max-snippet:-1","max-image-preview":"max-image-preview:large","max-video-preview":"max-video-preview:-1"},"canonical":"https:\/\/tom-und-lottchen.de\/?page_id=34","og_locale":"de_DE","og_type":"article","og_title":"AGB - Tom&Lottchen","og_description":"Allgemeine Gesch\u00e4ftsbedingungen 1. Geltungsbereich F\u00fcr alle Bestellungen \u00fcber unseren Shop auf dem Amazon Marketplace gelten die nachfolgenden AGB. 2. Vertragspartner, Vertragsschluss Der Kaufvertrag kommt zustande mit Tom und Lottchen. Mit Einstellung der Produkte in den Online-Shop geben wir ein verbindliches Angebot zum Vertragsschluss \u00fcber diese Artikel ab. Sie haben die M\u00f6glichkeit, den Bestellprozess \u00fcber das &hellip; \u201eAGB\u201c weiterlesen","og_url":"https:\/\/tom-und-lottchen.de\/?page_id=34","og_site_name":"Tom&Lottchen","article_modified_time":"2018-07-09T11:41:54+00:00","twitter_card":"summary_large_image","twitter_misc":{"Gesch\u00e4tzte Lesezeit":"2 Minuten"},"schema":{"@context":"https:\/\/schema.org","@graph":[{"@type":"WebPage","@id":"https:\/\/tom-und-lottchen.de\/?page_id=34","url":"https:\/\/tom-und-lottchen.de\/?page_id=34","name":"AGB - Tom&Lottchen","isPartOf":{"@id":"https:\/\/tom-und-lottchen.de\/#website"},"datePublished":"2017-07-09T19:59:35+00:00","dateModified":"2018-07-09T11:41:54+00:00","breadcrumb":{"@id":"https:\/\/tom-und-lottchen.de\/?page_id=34#breadcrumb"},"inLanguage":"de-DE","potentialAction":[{"@type":"ReadAction","target":["https:\/\/tom-und-lottchen.de\/?page_id=34"]}]},{"@type":"BreadcrumbList","@id":"https:\/\/tom-und-lottchen.de\/?page_id=34#breadcrumb","itemListElement":[{"@type":"ListItem","position":1,"name":"Startseite","item":"https:\/\/tom-und-lottchen.de\/"},{"@type":"ListItem","position":2,"name":"AGB"}]},{"@type":"WebSite","@id":"https:\/\/tom-und-lottchen.de\/#website","url":"https:\/\/tom-und-lottchen.de\/","name":"Tom&Lottchen","description":"Babybekleidungs Shop","potentialAction":[{"@type":"SearchAction","target":{"@type":"EntryPoint","urlTemplate":"https:\/\/tom-und-lottchen.de\/?s={search_term_string}"},"query-input":"required name=search_term_string"}],"inLanguage":"de-DE"}]}},"_links":{"self":[{"href":"https:\/\/tom-und-lottchen.de\/index.php?rest_route=\/wp\/v2\/pages\/34"}],"collection":[{"href":"https:\/\/tom-und-lottchen.de\/index.php?rest_route=\/wp\/v2\/pages"}],"about":[{"href":"https:\/\/tom-und-lottchen.de\/index.php?rest_route=\/wp\/v2\/types\/page"}],"author":[{"embeddable":true,"href":"https:\/\/tom-und-lottchen.de\/index.php?rest_route=\/wp\/v2\/users\/1"}],"replies":[{"embeddable":true,"href":"https:\/\/tom-und-lottchen.de\/index.php?rest_route=%2Fwp%2Fv2%2Fcomments&post=34"}],"version-history":[{"count":2,"href":"https:\/\/tom-und-lottchen.de\/index.php?rest_route=\/wp\/v2\/pages\/34\/revisions"}],"predecessor-version":[{"id":80,"href":"https:\/\/tom-und-lottchen.de\/index.php?rest_route=\/wp\/v2\/pages\/34\/revisions\/80"}],"wp:attachment":[{"href":"https:\/\/tom-und-lottchen.de\/index.php?rest_route=%2Fwp%2Fv2%2Fmedia&parent=34"}],"curies":[{"name":"wp","href":"https:\/\/api.w.org\/{rel}","templated":true}]}}